{"id":3,"date":"2022-12-02T23:45:13","date_gmt":"2022-12-02T23:45:13","guid":{"rendered":"https:\/\/meowportugal.pt\/?page_id=3"},"modified":"2023-02-05T11:43:24","modified_gmt":"2023-02-05T11:43:24","slug":"privacy-policy","status":"publish","type":"page","link":"https:\/\/meowportugal.pt\/index.php\/privacy-policy\/","title":{"rendered":"Pol\u00edtica de Privacidade"},"content":{"rendered":"\n<h2 class=\"wp-block-heading\">Quem Somos<\/h2>\n\n\n\n<p>O Furritos Portugal \u00e9 uma comunidade furry, que envolve v\u00e1rios membros dentro de um tema.<\/p>\n\n\n\n<h2 class=\"wp-block-heading\">Cookies<\/h2>\n\n\n\n<p>O nosso website n\u00e3o cont\u00e9m nenhum cookie adicional, para al\u00e9m dos predefinidos pelo WordPress.<\/p>\n\n\n\n<h2 class=\"wp-block-heading\">Recolha de Dados<\/h2>\n\n\n\n<p>N\u00e3o fazemos recolha de dados pessoais, exceto do endere\u00e7o IP para quest\u00f5es de seguran\u00e7a dos nossos servidores. Armazenamos o mesmo por durante 5 minutos.<\/p>\n\n\n\n<h2 class=\"wp-block-heading\">Conte\u00fado V\u00eddeo e Imagem<\/h2>\n\n\n\n<p>Adicionalmente, hospedamos 90% do nosso conte\u00fado num servidor externo, mas ainda presente dentro da \u00e1rea de prote\u00e7\u00e3o da RGPD. Tamb\u00e9m este servidor n\u00e3o coleta nenhum dado, nem mesmo o endere\u00e7o IP.<\/p>\n\n\n\n<h2 class=\"wp-block-heading\">Armazenamento dos Dados<\/h2>\n\n\n\n<p>O endere\u00e7o IP \u00e9 armazenado durante 5 minutos no nosso servidor, sendo totalmente limpo ap\u00f3s esse per\u00edodo. Esse IP n\u00e3o \u00e9 partilhado com nenhuma plataforma externa, e \u00e9 apenas usado para prevenir ataques de reincid\u00eancia.<\/p>\n","protected":false},"excerpt":{"rendered":"<p>Quem Somos O Furritos Portugal \u00e9 uma comunidade furry, que envolve v\u00e1rios membros dentro de um tema. Cookies O nosso website n\u00e3o cont\u00e9m nenhum cookie adicional, para al\u00e9m dos predefinidos pelo WordPress. Recolha de Dados N\u00e3o fazemos recolha de dados pessoais, exceto do endere\u00e7o IP para quest\u00f5es de seguran\u00e7a dos nossos servidores. Armazenamos o mesmo [&hellip;]<\/p>\n","protected":false},"author":1,"featured_media":0,"parent":0,"menu_order":0,"comment_status":"closed","ping_status":"closed","template":"","meta":{"footnotes":""},"class_list":["post-3","page","type-page","status-publish","hentry"],"yoast_head":"<!-- This site is optimized with the Yoast SEO plugin v25.8 - https:\/\/yoast.com\/wordpress\/plugins\/seo\/ -->\n<title>Pol\u00edtica de Privacidade - Furritos Portugal<\/title>\n<meta name=\"robots\" content=\"index, follow, max-snippet:-1, max-image-preview:large, max-video-preview:-1\" \/>\n<link rel=\"canonical\" href=\"https:\/\/meowportugal.pt\/index.php\/privacy-policy\/\" \/>\n<meta property=\"og:locale\" content=\"pt_PT\" \/>\n<meta property=\"og:type\" content=\"article\" \/>\n<meta property=\"og:title\" content=\"Pol\u00edtica de Privacidade - Furritos Portugal\" \/>\n<meta property=\"og:description\" content=\"Quem Somos O Furritos Portugal \u00e9 uma comunidade furry, que envolve v\u00e1rios membros dentro de um tema. Cookies O nosso website n\u00e3o cont\u00e9m nenhum cookie adicional, para al\u00e9m dos predefinidos pelo WordPress. Recolha de Dados N\u00e3o fazemos recolha de dados pessoais, exceto do endere\u00e7o IP para quest\u00f5es de seguran\u00e7a dos nossos servidores. Armazenamos o mesmo [&hellip;]\" \/>\n<meta property=\"og:url\" content=\"https:\/\/meowportugal.pt\/index.php\/privacy-policy\/\" \/>\n<meta property=\"og:site_name\" content=\"Furritos Portugal\" \/>\n<meta property=\"article:modified_time\" content=\"2023-02-05T11:43:24+00:00\" \/>\n<meta name=\"twitter:card\" content=\"summary_large_image\" \/>\n<meta name=\"twitter:label1\" content=\"Tempo estimado de leitura\" \/>\n\t<meta name=\"twitter:data1\" content=\"1 minuto\" \/>\n<script type=\"application\/ld+json\" class=\"yoast-schema-graph\">{\"@context\":\"https:\/\/schema.org\",\"@graph\":[{\"@type\":\"WebPage\",\"@id\":\"https:\/\/meowportugal.pt\/index.php\/privacy-policy\/\",\"url\":\"https:\/\/meowportugal.pt\/index.php\/privacy-policy\/\",\"name\":\"Pol\u00edtica de Privacidade - Furritos Portugal\",\"isPartOf\":{\"@id\":\"https:\/\/meowportugal.pt\/#website\"},\"datePublished\":\"2022-12-02T23:45:13+00:00\",\"dateModified\":\"2023-02-05T11:43:24+00:00\",\"breadcrumb\":{\"@id\":\"https:\/\/meowportugal.pt\/index.php\/privacy-policy\/#breadcrumb\"},\"inLanguage\":\"pt-PT\",\"potentialAction\":[{\"@type\":\"ReadAction\",\"target\":[\"https:\/\/meowportugal.pt\/index.php\/privacy-policy\/\"]}]},{\"@type\":\"BreadcrumbList\",\"@id\":\"https:\/\/meowportugal.pt\/index.php\/privacy-policy\/#breadcrumb\",\"itemListElement\":[{\"@type\":\"ListItem\",\"position\":1,\"name\":\"In\u00edcio\",\"item\":\"https:\/\/meowportugal.pt\/\"},{\"@type\":\"ListItem\",\"position\":2,\"name\":\"Pol\u00edtica de Privacidade\"}]},{\"@type\":\"WebSite\",\"@id\":\"https:\/\/meowportugal.pt\/#website\",\"url\":\"https:\/\/meowportugal.pt\/\",\"name\":\"Furritos Portugal\",\"description\":\"\",\"publisher\":{\"@id\":\"https:\/\/meowportugal.pt\/#organization\"},\"potentialAction\":[{\"@type\":\"SearchAction\",\"target\":{\"@type\":\"EntryPoint\",\"urlTemplate\":\"https:\/\/meowportugal.pt\/?s={search_term_string}\"},\"query-input\":{\"@type\":\"PropertyValueSpecification\",\"valueRequired\":true,\"valueName\":\"search_term_string\"}}],\"inLanguage\":\"pt-PT\"},{\"@type\":\"Organization\",\"@id\":\"https:\/\/meowportugal.pt\/#organization\",\"name\":\"Furritos Portugal\",\"url\":\"https:\/\/meowportugal.pt\/\",\"logo\":{\"@type\":\"ImageObject\",\"inLanguage\":\"pt-PT\",\"@id\":\"https:\/\/meowportugal.pt\/#\/schema\/logo\/image\/\",\"url\":\"https:\/\/i0.wp.com\/cdn-site.meowportugal.pt\/2023\/02\/photo_2023-02-07_09-15-54.jpg?fit=640%2C640&ssl=1\",\"contentUrl\":\"https:\/\/i0.wp.com\/cdn-site.meowportugal.pt\/2023\/02\/photo_2023-02-07_09-15-54.jpg?fit=640%2C640&ssl=1\",\"width\":640,\"height\":640,\"caption\":\"Furritos Portugal\"},\"image\":{\"@id\":\"https:\/\/meowportugal.pt\/#\/schema\/logo\/image\/\"}}]}<\/script>\n<!-- \/ Yoast SEO plugin. -->","yoast_head_json":{"title":"Pol\u00edtica de Privacidade - Furritos Portugal","robots":{"index":"index","follow":"follow","max-snippet":"max-snippet:-1","max-image-preview":"max-image-preview:large","max-video-preview":"max-video-preview:-1"},"canonical":"https:\/\/meowportugal.pt\/index.php\/privacy-policy\/","og_locale":"pt_PT","og_type":"article","og_title":"Pol\u00edtica de Privacidade - Furritos Portugal","og_description":"Quem Somos O Furritos Portugal \u00e9 uma comunidade furry, que envolve v\u00e1rios membros dentro de um tema. Cookies O nosso website n\u00e3o cont\u00e9m nenhum cookie adicional, para al\u00e9m dos predefinidos pelo WordPress. Recolha de Dados N\u00e3o fazemos recolha de dados pessoais, exceto do endere\u00e7o IP para quest\u00f5es de seguran\u00e7a dos nossos servidores. Armazenamos o mesmo [&hellip;]","og_url":"https:\/\/meowportugal.pt\/index.php\/privacy-policy\/","og_site_name":"Furritos Portugal","article_modified_time":"2023-02-05T11:43:24+00:00","twitter_card":"summary_large_image","twitter_misc":{"Tempo estimado de leitura":"1 minuto"},"schema":{"@context":"https:\/\/schema.org","@graph":[{"@type":"WebPage","@id":"https:\/\/meowportugal.pt\/index.php\/privacy-policy\/","url":"https:\/\/meowportugal.pt\/index.php\/privacy-policy\/","name":"Pol\u00edtica de Privacidade - Furritos Portugal","isPartOf":{"@id":"https:\/\/meowportugal.pt\/#website"},"datePublished":"2022-12-02T23:45:13+00:00","dateModified":"2023-02-05T11:43:24+00:00","breadcrumb":{"@id":"https:\/\/meowportugal.pt\/index.php\/privacy-policy\/#breadcrumb"},"inLanguage":"pt-PT","potentialAction":[{"@type":"ReadAction","target":["https:\/\/meowportugal.pt\/index.php\/privacy-policy\/"]}]},{"@type":"BreadcrumbList","@id":"https:\/\/meowportugal.pt\/index.php\/privacy-policy\/#breadcrumb","itemListElement":[{"@type":"ListItem","position":1,"name":"In\u00edcio","item":"https:\/\/meowportugal.pt\/"},{"@type":"ListItem","position":2,"name":"Pol\u00edtica de Privacidade"}]},{"@type":"WebSite","@id":"https:\/\/meowportugal.pt\/#website","url":"https:\/\/meowportugal.pt\/","name":"Furritos Portugal","description":"","publisher":{"@id":"https:\/\/meowportugal.pt\/#organization"},"potentialAction":[{"@type":"SearchAction","target":{"@type":"EntryPoint","urlTemplate":"https:\/\/meowportugal.pt\/?s={search_term_string}"},"query-input":{"@type":"PropertyValueSpecification","valueRequired":true,"valueName":"search_term_string"}}],"inLanguage":"pt-PT"},{"@type":"Organization","@id":"https:\/\/meowportugal.pt\/#organization","name":"Furritos Portugal","url":"https:\/\/meowportugal.pt\/","logo":{"@type":"ImageObject","inLanguage":"pt-PT","@id":"https:\/\/meowportugal.pt\/#\/schema\/logo\/image\/","url":"https:\/\/i0.wp.com\/cdn-site.meowportugal.pt\/2023\/02\/photo_2023-02-07_09-15-54.jpg?fit=640%2C640&ssl=1","contentUrl":"https:\/\/i0.wp.com\/cdn-site.meowportugal.pt\/2023\/02\/photo_2023-02-07_09-15-54.jpg?fit=640%2C640&ssl=1","width":640,"height":640,"caption":"Furritos Portugal"},"image":{"@id":"https:\/\/meowportugal.pt\/#\/schema\/logo\/image\/"}}]}},"jetpack_sharing_enabled":true,"_links":{"self":[{"href":"https:\/\/meowportugal.pt\/index.php\/wp-json\/wp\/v2\/pages\/3","targetHints":{"allow":["GET"]}}],"collection":[{"href":"https:\/\/meowportugal.pt\/index.php\/wp-json\/wp\/v2\/pages"}],"about":[{"href":"https:\/\/meowportugal.pt\/index.php\/wp-json\/wp\/v2\/types\/page"}],"author":[{"embeddable":true,"href":"https:\/\/meowportugal.pt\/index.php\/wp-json\/wp\/v2\/users\/1"}],"replies":[{"embeddable":true,"href":"https:\/\/meowportugal.pt\/index.php\/wp-json\/wp\/v2\/comments?post=3"}],"version-history":[{"count":5,"href":"https:\/\/meowportugal.pt\/index.php\/wp-json\/wp\/v2\/pages\/3\/revisions"}],"predecessor-version":[{"id":198,"href":"https:\/\/meowportugal.pt\/index.php\/wp-json\/wp\/v2\/pages\/3\/revisions\/198"}],"wp:attachment":[{"href":"https:\/\/meowportugal.pt\/index.php\/wp-json\/wp\/v2\/media?parent=3"}],"curies":[{"name":"wp","href":"https:\/\/api.w.org\/{rel}","templated":true}]}}