{"id":204,"date":"2023-02-05T23:12:00","date_gmt":"2023-02-05T23:12:00","guid":{"rendered":"https:\/\/meowportugal.pt\/?page_id=204"},"modified":"2023-07-29T15:36:14","modified_gmt":"2023-07-29T15:36:14","slug":"seguranca-digital","status":"publish","type":"page","link":"https:\/\/meowportugal.pt\/index.php\/seguranca-digital\/","title":{"rendered":"Seguran\u00e7a Digital"},"content":{"rendered":"\n<p>O Furritos Portugal tem a responsabilidade digital de garantir que todos os membros se encontram num bem-estar digital.<\/p>\n\n\n\n<p>Para o mesmo efeito, toda a Staff est\u00e1 consciencializada da ajuda que pode entregar a cada membro que assim necessite de ajuda, em todos os aspetos.<\/p>\n\n\n\n<p>Para aumentar a presen\u00e7a na ajuda dispon\u00edvel, criamos a possibilidade de denunciar anonimamente qualquer a\u00e7\u00e3o ou pedido de ajuda. Sempre que recebemos um alerta, toda a Staff \u00e9 notificada do mesmo, e iremos logo proceder de acordo.<\/p>\n\n\n\n<p>Para facilitar, apresentamos algumas op\u00e7\u00f5es para notificar a Staff:<\/p>\n\n\n\n<p>-\u00bb Atrav\u00e9s do nosso formul\u00e1rio (ainda em constru\u00e7\u00e3o)<\/p>\n\n\n\n<p>-\u00bb Atrav\u00e9s do envio de um email<\/p>\n\n\n\n<p><strong>Os endere\u00e7os a que se pode enviar com a finalidade de denunciar s\u00e3o os seguintes:<\/strong><\/p>\n\n\n\n<p><strong>secdep@meowportugal.pt<\/strong><\/p>\n\n\n\n<p><strong>secdep@anon-mail.cf<\/strong><\/p>\n\n\n\n<p><strong>secdep@anon-mail.ga<\/strong><\/p>\n\n\n\n<p><strong>secdep@anon-mail.gq<\/strong><\/p>\n\n\n\n<p><strong>secdep@anon-mail.ml<\/strong><\/p>\n\n\n\n<p><strong>secdep@anon-mail.tk<\/strong><\/p>\n\n\n\n<p><strong>Qualquer endere\u00e7o de email enviado para o dom\u00ednio techguys.theworkpc.com (por exemplo, support@techguys.theworkpc.com)<\/strong><\/p>\n\n\n\n<p><strong>Qualquer endere\u00e7o de email enviado para o dom\u00ednio newsletter-week.mywire.org (por exemplo, news@newsletter-week.mywire.org)<\/strong><\/p>\n","protected":false},"excerpt":{"rendered":"<p>O Furritos Portugal tem a responsabilidade digital de garantir que todos os membros se encontram num bem-estar digital. Para o mesmo efeito, toda a Staff est\u00e1 consciencializada da ajuda que pode entregar a cada membro que assim necessite de ajuda, em todos os aspetos. Para aumentar a presen\u00e7a na ajuda dispon\u00edvel, criamos a possibilidade de [&hellip;]<\/p>\n","protected":false},"author":1,"featured_media":0,"parent":0,"menu_order":0,"comment_status":"closed","ping_status":"closed","template":"","meta":{"footnotes":""},"class_list":["post-204","page","type-page","status-publish","hentry"],"yoast_head":"<!-- This site is optimized with the Yoast SEO plugin v25.8 - https:\/\/yoast.com\/wordpress\/plugins\/seo\/ -->\n<title>Seguran\u00e7a Digital - Furritos Portugal<\/title>\n<meta name=\"robots\" content=\"index, follow, max-snippet:-1, max-image-preview:large, max-video-preview:-1\" \/>\n<link rel=\"canonical\" href=\"https:\/\/meowportugal.pt\/index.php\/seguranca-digital\/\" \/>\n<meta property=\"og:locale\" content=\"pt_PT\" \/>\n<meta property=\"og:type\" content=\"article\" \/>\n<meta property=\"og:title\" content=\"Seguran\u00e7a Digital - Furritos Portugal\" \/>\n<meta property=\"og:description\" content=\"O Furritos Portugal tem a responsabilidade digital de garantir que todos os membros se encontram num bem-estar digital. Para o mesmo efeito, toda a Staff est\u00e1 consciencializada da ajuda que pode entregar a cada membro que assim necessite de ajuda, em todos os aspetos. Para aumentar a presen\u00e7a na ajuda dispon\u00edvel, criamos a possibilidade de [&hellip;]\" \/>\n<meta property=\"og:url\" content=\"https:\/\/meowportugal.pt\/index.php\/seguranca-digital\/\" \/>\n<meta property=\"og:site_name\" content=\"Furritos Portugal\" \/>\n<meta property=\"article:modified_time\" content=\"2023-07-29T15:36:14+00:00\" \/>\n<meta name=\"twitter:card\" content=\"summary_large_image\" \/>\n<meta name=\"twitter:label1\" content=\"Tempo estimado de leitura\" \/>\n\t<meta name=\"twitter:data1\" content=\"1 minuto\" \/>\n<script type=\"application\/ld+json\" class=\"yoast-schema-graph\">{\"@context\":\"https:\/\/schema.org\",\"@graph\":[{\"@type\":\"WebPage\",\"@id\":\"https:\/\/meowportugal.pt\/index.php\/seguranca-digital\/\",\"url\":\"https:\/\/meowportugal.pt\/index.php\/seguranca-digital\/\",\"name\":\"Seguran\u00e7a Digital - Furritos Portugal\",\"isPartOf\":{\"@id\":\"https:\/\/meowportugal.pt\/#website\"},\"datePublished\":\"2023-02-05T23:12:00+00:00\",\"dateModified\":\"2023-07-29T15:36:14+00:00\",\"breadcrumb\":{\"@id\":\"https:\/\/meowportugal.pt\/index.php\/seguranca-digital\/#breadcrumb\"},\"inLanguage\":\"pt-PT\",\"potentialAction\":[{\"@type\":\"ReadAction\",\"target\":[\"https:\/\/meowportugal.pt\/index.php\/seguranca-digital\/\"]}]},{\"@type\":\"BreadcrumbList\",\"@id\":\"https:\/\/meowportugal.pt\/index.php\/seguranca-digital\/#breadcrumb\",\"itemListElement\":[{\"@type\":\"ListItem\",\"position\":1,\"name\":\"In\u00edcio\",\"item\":\"https:\/\/meowportugal.pt\/\"},{\"@type\":\"ListItem\",\"position\":2,\"name\":\"Seguran\u00e7a Digital\"}]},{\"@type\":\"WebSite\",\"@id\":\"https:\/\/meowportugal.pt\/#website\",\"url\":\"https:\/\/meowportugal.pt\/\",\"name\":\"Furritos Portugal\",\"description\":\"\",\"publisher\":{\"@id\":\"https:\/\/meowportugal.pt\/#organization\"},\"potentialAction\":[{\"@type\":\"SearchAction\",\"target\":{\"@type\":\"EntryPoint\",\"urlTemplate\":\"https:\/\/meowportugal.pt\/?s={search_term_string}\"},\"query-input\":{\"@type\":\"PropertyValueSpecification\",\"valueRequired\":true,\"valueName\":\"search_term_string\"}}],\"inLanguage\":\"pt-PT\"},{\"@type\":\"Organization\",\"@id\":\"https:\/\/meowportugal.pt\/#organization\",\"name\":\"Furritos Portugal\",\"url\":\"https:\/\/meowportugal.pt\/\",\"logo\":{\"@type\":\"ImageObject\",\"inLanguage\":\"pt-PT\",\"@id\":\"https:\/\/meowportugal.pt\/#\/schema\/logo\/image\/\",\"url\":\"https:\/\/i0.wp.com\/cdn-site.meowportugal.pt\/2023\/02\/photo_2023-02-07_09-15-54.jpg?fit=640%2C640&ssl=1\",\"contentUrl\":\"https:\/\/i0.wp.com\/cdn-site.meowportugal.pt\/2023\/02\/photo_2023-02-07_09-15-54.jpg?fit=640%2C640&ssl=1\",\"width\":640,\"height\":640,\"caption\":\"Furritos Portugal\"},\"image\":{\"@id\":\"https:\/\/meowportugal.pt\/#\/schema\/logo\/image\/\"}}]}<\/script>\n<!-- \/ Yoast SEO plugin. -->","yoast_head_json":{"title":"Seguran\u00e7a Digital - Furritos Portugal","robots":{"index":"index","follow":"follow","max-snippet":"max-snippet:-1","max-image-preview":"max-image-preview:large","max-video-preview":"max-video-preview:-1"},"canonical":"https:\/\/meowportugal.pt\/index.php\/seguranca-digital\/","og_locale":"pt_PT","og_type":"article","og_title":"Seguran\u00e7a Digital - Furritos Portugal","og_description":"O Furritos Portugal tem a responsabilidade digital de garantir que todos os membros se encontram num bem-estar digital. Para o mesmo efeito, toda a Staff est\u00e1 consciencializada da ajuda que pode entregar a cada membro que assim necessite de ajuda, em todos os aspetos. Para aumentar a presen\u00e7a na ajuda dispon\u00edvel, criamos a possibilidade de [&hellip;]","og_url":"https:\/\/meowportugal.pt\/index.php\/seguranca-digital\/","og_site_name":"Furritos Portugal","article_modified_time":"2023-07-29T15:36:14+00:00","twitter_card":"summary_large_image","twitter_misc":{"Tempo estimado de leitura":"1 minuto"},"schema":{"@context":"https:\/\/schema.org","@graph":[{"@type":"WebPage","@id":"https:\/\/meowportugal.pt\/index.php\/seguranca-digital\/","url":"https:\/\/meowportugal.pt\/index.php\/seguranca-digital\/","name":"Seguran\u00e7a Digital - Furritos Portugal","isPartOf":{"@id":"https:\/\/meowportugal.pt\/#website"},"datePublished":"2023-02-05T23:12:00+00:00","dateModified":"2023-07-29T15:36:14+00:00","breadcrumb":{"@id":"https:\/\/meowportugal.pt\/index.php\/seguranca-digital\/#breadcrumb"},"inLanguage":"pt-PT","potentialAction":[{"@type":"ReadAction","target":["https:\/\/meowportugal.pt\/index.php\/seguranca-digital\/"]}]},{"@type":"BreadcrumbList","@id":"https:\/\/meowportugal.pt\/index.php\/seguranca-digital\/#breadcrumb","itemListElement":[{"@type":"ListItem","position":1,"name":"In\u00edcio","item":"https:\/\/meowportugal.pt\/"},{"@type":"ListItem","position":2,"name":"Seguran\u00e7a Digital"}]},{"@type":"WebSite","@id":"https:\/\/meowportugal.pt\/#website","url":"https:\/\/meowportugal.pt\/","name":"Furritos Portugal","description":"","publisher":{"@id":"https:\/\/meowportugal.pt\/#organization"},"potentialAction":[{"@type":"SearchAction","target":{"@type":"EntryPoint","urlTemplate":"https:\/\/meowportugal.pt\/?s={search_term_string}"},"query-input":{"@type":"PropertyValueSpecification","valueRequired":true,"valueName":"search_term_string"}}],"inLanguage":"pt-PT"},{"@type":"Organization","@id":"https:\/\/meowportugal.pt\/#organization","name":"Furritos Portugal","url":"https:\/\/meowportugal.pt\/","logo":{"@type":"ImageObject","inLanguage":"pt-PT","@id":"https:\/\/meowportugal.pt\/#\/schema\/logo\/image\/","url":"https:\/\/i0.wp.com\/cdn-site.meowportugal.pt\/2023\/02\/photo_2023-02-07_09-15-54.jpg?fit=640%2C640&ssl=1","contentUrl":"https:\/\/i0.wp.com\/cdn-site.meowportugal.pt\/2023\/02\/photo_2023-02-07_09-15-54.jpg?fit=640%2C640&ssl=1","width":640,"height":640,"caption":"Furritos Portugal"},"image":{"@id":"https:\/\/meowportugal.pt\/#\/schema\/logo\/image\/"}}]}},"jetpack_sharing_enabled":true,"_links":{"self":[{"href":"https:\/\/meowportugal.pt\/index.php\/wp-json\/wp\/v2\/pages\/204","targetHints":{"allow":["GET"]}}],"collection":[{"href":"https:\/\/meowportugal.pt\/index.php\/wp-json\/wp\/v2\/pages"}],"about":[{"href":"https:\/\/meowportugal.pt\/index.php\/wp-json\/wp\/v2\/types\/page"}],"author":[{"embeddable":true,"href":"https:\/\/meowportugal.pt\/index.php\/wp-json\/wp\/v2\/users\/1"}],"replies":[{"embeddable":true,"href":"https:\/\/meowportugal.pt\/index.php\/wp-json\/wp\/v2\/comments?post=204"}],"version-history":[{"count":5,"href":"https:\/\/meowportugal.pt\/index.php\/wp-json\/wp\/v2\/pages\/204\/revisions"}],"predecessor-version":[{"id":210,"href":"https:\/\/meowportugal.pt\/index.php\/wp-json\/wp\/v2\/pages\/204\/revisions\/210"}],"wp:attachment":[{"href":"https:\/\/meowportugal.pt\/index.php\/wp-json\/wp\/v2\/media?parent=204"}],"curies":[{"name":"wp","href":"https:\/\/api.w.org\/{rel}","templated":true}]}}