{"id":170,"date":"2023-01-02T23:09:35","date_gmt":"2023-01-02T23:09:35","guid":{"rendered":"https:\/\/meowportugal.pt\/?page_id=170"},"modified":"2023-07-29T22:28:23","modified_gmt":"2023-07-29T22:28:23","slug":"regras-ti","status":"publish","type":"page","link":"https:\/\/meowportugal.pt\/index.php\/regras-ti\/","title":{"rendered":"Regras Grupo TI"},"content":{"rendered":"\n<p>Ao participares na nossa comunidade, est\u00e1s automaticamente a aceitar os Nossos Termos e Condi\u00e7\u00f5es, assim como a nossa&nbsp;<a href=\"https:\/\/meowportugal.pt\/index.php\/privacy-policy\/\" target=\"_blank\" rel=\"noreferrer noopener\">Pol\u00edtica de Privacidade<\/a>.<\/p>\n\n\n\n<p>A participa\u00e7\u00e3o nos grupos do Telegram tamb\u00e9m consente que o utilizador est\u00e1 a aceitar os&nbsp;<a href=\"https:\/\/telegram.org\/tos\" target=\"_blank\" rel=\"noreferrer noopener\">Termos e Condi\u00e7\u00f5es do Telegram<\/a>&nbsp;e a respetiva&nbsp;<a href=\"https:\/\/telegram.org\/privacy\" target=\"_blank\" rel=\"noreferrer noopener\">Pol\u00edtica de Privacidade do Telegram<\/a>.<\/p>\n\n\n\n<p>A participa\u00e7\u00e3o nos servidores do Discord tamb\u00e9m consente que o utilizador est\u00e1 a aceitar os&nbsp;<a href=\"https:\/\/discord.com\/terms\" target=\"_blank\" rel=\"noreferrer noopener\">Termos e Condi\u00e7\u00f5es do Discord<\/a>&nbsp;e a respetiva&nbsp;<a href=\"https:\/\/discord.com\/privacy\" target=\"_blank\" rel=\"noreferrer noopener\">Pol\u00edtica de Privacidade do Discord<\/a>.<\/p>\n\n\n\n<p>Em adi\u00e7\u00e3o \u00e0s Regras do Grupo principal e das focadas neste grupo de TI,\u00a0<strong>deve sempre<\/strong>\u00a0<strong>prevalecer o Bom Senso entre todos os elementos do Grupo, inclu\u00edndo<\/strong>: Membros, Moderadores, Staff e Donos efetivos. O n\u00e3o cumprimento desta regra de ouro poder\u00e1 levar a medidas de modera\u00e7\u00e3o a uma pessoa ou a um grupo, e poder\u00e1 tamb\u00e9m ter consequ\u00eancias por parte da Equipa de Modera\u00e7\u00e3o do Telegram, \u00e0 qual tais consequ\u00eancias s\u00e3o fora do espectro de modera\u00e7\u00e3o de toda a Staff.<\/p>\n\n\n\n<p>Apesar do grupo ser focado em todas as quest\u00f5es relacionadas sobre Tecnologia da Informa\u00e7\u00e3o (TI), temos limita\u00e7\u00f5es no tipo de conte\u00fado.\u00a0<strong>N\u00e3o \u00e9 permitido conte\u00fado:<\/strong><br><strong>-Que exemplifique algum ataque, de qualquer natureza, a qualquer pessoa f\u00edsica, empresa ou institui\u00e7\u00e3o.<br>-Ataque e amea\u00e7a a membros apoiada por via digital.<br>-Self promoting de servi\u00e7os digitais sem a autoriza\u00e7\u00e3o pr\u00e9via da Staff.<\/strong><br><br>A publica\u00e7\u00e3o deste tipo de conte\u00fado\u00a0<strong>fere as regras como uma viola\u00e7\u00e3o grave da conduta<\/strong>, e se caso o conte\u00fado assim o justifique,\u00a0<strong>poder\u00e1 ser banido permanentemente e posteriormente denunciado \u00e0s Autoridades Portuguesas.<\/strong><\/p>\n\n\n\n<p>As Regras a acrescentar para participares no grupo de TI s\u00e3o as seguintes:<\/p>\n\n\n\n<p>Regras do Grupo de TI:<\/p>\n\n\n\n<p>1- Somos um grupo apenas TI, mas com um toque de ess\u00eancia furry.<\/p>\n\n\n\n<p>2- Roleplay n\u00e3o \u00e9 permitido, e pede-se que o grupo se mantenha apenas focado em TI.<\/p>\n\n\n\n<p>3- Respeite sempre todos os membros, mesmo que n\u00e3o concorde com eles.<\/p>\n\n\n\n<p>4 \u2013 N\u00e3o \u00e9 permitido spam de mensagens.<\/p>\n\n\n\n<p>5 \u2013 N\u00e3o traga os seus problemas pessoais para a conversa no grupo. Tudo deve ser resolvido nas mensagens privadas.<\/p>\n\n\n\n<p>6 \u2013 N\u00e3o \u00e9 permitido falar de Pol\u00edtica, Rivalidade desportiva (em qualquer vertende), Religi\u00e3o e Temas sens\u00edveis na Sociedade. A estes temas acrescentam-se temas suscet\u00edveis adultos, inclu\u00edndo mas n\u00e3o limitado a orienta\u00e7\u00e3o sexual, pensamento derivado e julgamento de g\u00e9nero, religi\u00e3o ou ra\u00e7a.<\/p>\n\n\n\n<p>8 \u2013 O uso de fotografias de perfil NSFW n\u00e3o \u00e9 permitido.<\/p>\n\n\n\n<p>9 \u2013 N\u00e3o envie conte\u00fado que viole a lei de DMCA (Digital Millennium Copyright Act, ou Ata de Direitos de Autor e Direitos Conexos). Prefira enviar o conte\u00fado que quer partilhar pelas plataformas digitais oficiais. Se partilhar algum conte\u00fado pertencente a algum outro membro presente no grupo, pedimos que o identifique.<\/p>\n\n\n\n<p>A aplica\u00e7\u00e3o de banimentos acontecer\u00e1 ap\u00f3s a infra\u00e7\u00e3o de 3 regras menos graves, uma regra grave ou um acontecimento expl\u00edcito de conflito ou viol\u00eancia.<\/p>\n\n\n\n<p>Em casos que o banimento seja aplicado, existe a possibilidade de revis\u00e3o da san\u00e7\u00e3o, que pode ser apresentada at\u00e9 uma semana ap\u00f3s o banimento. Para apresentar tal revis\u00e3o, apenas precisa falar com algum membro presente da Staff.<\/p>\n\n\n\n<p><strong>Em casos onde se justifique, qualquer membro pode ser denunciado por parte da Staff \u00e0s Autoridades Portuguesas.<\/strong><\/p>\n","protected":false},"excerpt":{"rendered":"<p>Ao participares na nossa comunidade, est\u00e1s automaticamente a aceitar os Nossos Termos e Condi\u00e7\u00f5es, assim como a nossa&nbsp;Pol\u00edtica de Privacidade. A participa\u00e7\u00e3o nos grupos do Telegram tamb\u00e9m consente que o utilizador est\u00e1 a aceitar os&nbsp;Termos e Condi\u00e7\u00f5es do Telegram&nbsp;e a respetiva&nbsp;Pol\u00edtica de Privacidade do Telegram. A participa\u00e7\u00e3o nos servidores do Discord tamb\u00e9m consente que o [&hellip;]<\/p>\n","protected":false},"author":1,"featured_media":0,"parent":0,"menu_order":0,"comment_status":"closed","ping_status":"closed","template":"","meta":{"footnotes":""},"class_list":["post-170","page","type-page","status-publish","hentry"],"yoast_head":"<!-- This site is optimized with the Yoast SEO plugin v25.8 - https:\/\/yoast.com\/wordpress\/plugins\/seo\/ -->\n<title>Regras Grupo TI - Furritos Portugal<\/title>\n<meta name=\"robots\" content=\"index, follow, max-snippet:-1, max-image-preview:large, max-video-preview:-1\" \/>\n<link rel=\"canonical\" href=\"https:\/\/meowportugal.pt\/index.php\/regras-ti\/\" \/>\n<meta property=\"og:locale\" content=\"pt_PT\" \/>\n<meta property=\"og:type\" content=\"article\" \/>\n<meta property=\"og:title\" content=\"Regras Grupo TI - Furritos Portugal\" \/>\n<meta property=\"og:description\" content=\"Ao participares na nossa comunidade, est\u00e1s automaticamente a aceitar os Nossos Termos e Condi\u00e7\u00f5es, assim como a nossa&nbsp;Pol\u00edtica de Privacidade. A participa\u00e7\u00e3o nos grupos do Telegram tamb\u00e9m consente que o utilizador est\u00e1 a aceitar os&nbsp;Termos e Condi\u00e7\u00f5es do Telegram&nbsp;e a respetiva&nbsp;Pol\u00edtica de Privacidade do Telegram. A participa\u00e7\u00e3o nos servidores do Discord tamb\u00e9m consente que o [&hellip;]\" \/>\n<meta property=\"og:url\" content=\"https:\/\/meowportugal.pt\/index.php\/regras-ti\/\" \/>\n<meta property=\"og:site_name\" content=\"Furritos Portugal\" \/>\n<meta property=\"article:modified_time\" content=\"2023-07-29T22:28:23+00:00\" \/>\n<meta name=\"twitter:card\" content=\"summary_large_image\" \/>\n<meta name=\"twitter:label1\" content=\"Tempo estimado de leitura\" \/>\n\t<meta name=\"twitter:data1\" content=\"3 minutos\" \/>\n<script type=\"application\/ld+json\" class=\"yoast-schema-graph\">{\"@context\":\"https:\/\/schema.org\",\"@graph\":[{\"@type\":\"WebPage\",\"@id\":\"https:\/\/meowportugal.pt\/index.php\/regras-ti\/\",\"url\":\"https:\/\/meowportugal.pt\/index.php\/regras-ti\/\",\"name\":\"Regras Grupo TI - Furritos Portugal\",\"isPartOf\":{\"@id\":\"https:\/\/meowportugal.pt\/#website\"},\"datePublished\":\"2023-01-02T23:09:35+00:00\",\"dateModified\":\"2023-07-29T22:28:23+00:00\",\"breadcrumb\":{\"@id\":\"https:\/\/meowportugal.pt\/index.php\/regras-ti\/#breadcrumb\"},\"inLanguage\":\"pt-PT\",\"potentialAction\":[{\"@type\":\"ReadAction\",\"target\":[\"https:\/\/meowportugal.pt\/index.php\/regras-ti\/\"]}]},{\"@type\":\"BreadcrumbList\",\"@id\":\"https:\/\/meowportugal.pt\/index.php\/regras-ti\/#breadcrumb\",\"itemListElement\":[{\"@type\":\"ListItem\",\"position\":1,\"name\":\"In\u00edcio\",\"item\":\"https:\/\/meowportugal.pt\/\"},{\"@type\":\"ListItem\",\"position\":2,\"name\":\"Regras Grupo TI\"}]},{\"@type\":\"WebSite\",\"@id\":\"https:\/\/meowportugal.pt\/#website\",\"url\":\"https:\/\/meowportugal.pt\/\",\"name\":\"Furritos Portugal\",\"description\":\"\",\"publisher\":{\"@id\":\"https:\/\/meowportugal.pt\/#organization\"},\"potentialAction\":[{\"@type\":\"SearchAction\",\"target\":{\"@type\":\"EntryPoint\",\"urlTemplate\":\"https:\/\/meowportugal.pt\/?s={search_term_string}\"},\"query-input\":{\"@type\":\"PropertyValueSpecification\",\"valueRequired\":true,\"valueName\":\"search_term_string\"}}],\"inLanguage\":\"pt-PT\"},{\"@type\":\"Organization\",\"@id\":\"https:\/\/meowportugal.pt\/#organization\",\"name\":\"Furritos Portugal\",\"url\":\"https:\/\/meowportugal.pt\/\",\"logo\":{\"@type\":\"ImageObject\",\"inLanguage\":\"pt-PT\",\"@id\":\"https:\/\/meowportugal.pt\/#\/schema\/logo\/image\/\",\"url\":\"https:\/\/i0.wp.com\/cdn-site.meowportugal.pt\/2023\/02\/photo_2023-02-07_09-15-54.jpg?fit=640%2C640&ssl=1\",\"contentUrl\":\"https:\/\/i0.wp.com\/cdn-site.meowportugal.pt\/2023\/02\/photo_2023-02-07_09-15-54.jpg?fit=640%2C640&ssl=1\",\"width\":640,\"height\":640,\"caption\":\"Furritos Portugal\"},\"image\":{\"@id\":\"https:\/\/meowportugal.pt\/#\/schema\/logo\/image\/\"}}]}<\/script>\n<!-- \/ Yoast SEO plugin. -->","yoast_head_json":{"title":"Regras Grupo TI - Furritos Portugal","robots":{"index":"index","follow":"follow","max-snippet":"max-snippet:-1","max-image-preview":"max-image-preview:large","max-video-preview":"max-video-preview:-1"},"canonical":"https:\/\/meowportugal.pt\/index.php\/regras-ti\/","og_locale":"pt_PT","og_type":"article","og_title":"Regras Grupo TI - Furritos Portugal","og_description":"Ao participares na nossa comunidade, est\u00e1s automaticamente a aceitar os Nossos Termos e Condi\u00e7\u00f5es, assim como a nossa&nbsp;Pol\u00edtica de Privacidade. A participa\u00e7\u00e3o nos grupos do Telegram tamb\u00e9m consente que o utilizador est\u00e1 a aceitar os&nbsp;Termos e Condi\u00e7\u00f5es do Telegram&nbsp;e a respetiva&nbsp;Pol\u00edtica de Privacidade do Telegram. A participa\u00e7\u00e3o nos servidores do Discord tamb\u00e9m consente que o [&hellip;]","og_url":"https:\/\/meowportugal.pt\/index.php\/regras-ti\/","og_site_name":"Furritos Portugal","article_modified_time":"2023-07-29T22:28:23+00:00","twitter_card":"summary_large_image","twitter_misc":{"Tempo estimado de leitura":"3 minutos"},"schema":{"@context":"https:\/\/schema.org","@graph":[{"@type":"WebPage","@id":"https:\/\/meowportugal.pt\/index.php\/regras-ti\/","url":"https:\/\/meowportugal.pt\/index.php\/regras-ti\/","name":"Regras Grupo TI - Furritos Portugal","isPartOf":{"@id":"https:\/\/meowportugal.pt\/#website"},"datePublished":"2023-01-02T23:09:35+00:00","dateModified":"2023-07-29T22:28:23+00:00","breadcrumb":{"@id":"https:\/\/meowportugal.pt\/index.php\/regras-ti\/#breadcrumb"},"inLanguage":"pt-PT","potentialAction":[{"@type":"ReadAction","target":["https:\/\/meowportugal.pt\/index.php\/regras-ti\/"]}]},{"@type":"BreadcrumbList","@id":"https:\/\/meowportugal.pt\/index.php\/regras-ti\/#breadcrumb","itemListElement":[{"@type":"ListItem","position":1,"name":"In\u00edcio","item":"https:\/\/meowportugal.pt\/"},{"@type":"ListItem","position":2,"name":"Regras Grupo TI"}]},{"@type":"WebSite","@id":"https:\/\/meowportugal.pt\/#website","url":"https:\/\/meowportugal.pt\/","name":"Furritos Portugal","description":"","publisher":{"@id":"https:\/\/meowportugal.pt\/#organization"},"potentialAction":[{"@type":"SearchAction","target":{"@type":"EntryPoint","urlTemplate":"https:\/\/meowportugal.pt\/?s={search_term_string}"},"query-input":{"@type":"PropertyValueSpecification","valueRequired":true,"valueName":"search_term_string"}}],"inLanguage":"pt-PT"},{"@type":"Organization","@id":"https:\/\/meowportugal.pt\/#organization","name":"Furritos Portugal","url":"https:\/\/meowportugal.pt\/","logo":{"@type":"ImageObject","inLanguage":"pt-PT","@id":"https:\/\/meowportugal.pt\/#\/schema\/logo\/image\/","url":"https:\/\/i0.wp.com\/cdn-site.meowportugal.pt\/2023\/02\/photo_2023-02-07_09-15-54.jpg?fit=640%2C640&ssl=1","contentUrl":"https:\/\/i0.wp.com\/cdn-site.meowportugal.pt\/2023\/02\/photo_2023-02-07_09-15-54.jpg?fit=640%2C640&ssl=1","width":640,"height":640,"caption":"Furritos Portugal"},"image":{"@id":"https:\/\/meowportugal.pt\/#\/schema\/logo\/image\/"}}]}},"jetpack_sharing_enabled":true,"_links":{"self":[{"href":"https:\/\/meowportugal.pt\/index.php\/wp-json\/wp\/v2\/pages\/170","targetHints":{"allow":["GET"]}}],"collection":[{"href":"https:\/\/meowportugal.pt\/index.php\/wp-json\/wp\/v2\/pages"}],"about":[{"href":"https:\/\/meowportugal.pt\/index.php\/wp-json\/wp\/v2\/types\/page"}],"author":[{"embeddable":true,"href":"https:\/\/meowportugal.pt\/index.php\/wp-json\/wp\/v2\/users\/1"}],"replies":[{"embeddable":true,"href":"https:\/\/meowportugal.pt\/index.php\/wp-json\/wp\/v2\/comments?post=170"}],"version-history":[{"count":3,"href":"https:\/\/meowportugal.pt\/index.php\/wp-json\/wp\/v2\/pages\/170\/revisions"}],"predecessor-version":[{"id":247,"href":"https:\/\/meowportugal.pt\/index.php\/wp-json\/wp\/v2\/pages\/170\/revisions\/247"}],"wp:attachment":[{"href":"https:\/\/meowportugal.pt\/index.php\/wp-json\/wp\/v2\/media?parent=170"}],"curies":[{"name":"wp","href":"https:\/\/api.w.org\/{rel}","templated":true}]}}