{"id":114,"date":"2022-12-26T15:31:35","date_gmt":"2022-12-26T15:31:35","guid":{"rendered":"https:\/\/meowportugal.pt\/?page_id=114"},"modified":"2023-09-07T19:38:27","modified_gmt":"2023-09-07T19:38:27","slug":"regras-do-grupo","status":"publish","type":"page","link":"https:\/\/meowportugal.pt\/index.php\/regras-do-grupo\/","title":{"rendered":"Regras do Grupo"},"content":{"rendered":"\n<p>Ao participares na nossa comunidade, est\u00e1s automaticamente a aceitar os Nossos Termos e Condi\u00e7\u00f5es, assim como a nossa <a href=\"https:\/\/meowportugal.pt\/index.php\/privacy-policy\/\" target=\"_blank\" rel=\"noreferrer noopener\">Pol\u00edtica de Privacidade<\/a>.<\/p>\n\n\n\n<p>A participa\u00e7\u00e3o nos grupos do Telegram tamb\u00e9m consente que o utilizador est\u00e1 a aceitar os <a href=\"https:\/\/telegram.org\/tos\" data-type=\"URL\" data-id=\"https:\/\/telegram.org\/tos\" target=\"_blank\" rel=\"noreferrer noopener\">Termos e Condi\u00e7\u00f5es do Telegram<\/a> e a respetiva <a href=\"https:\/\/telegram.org\/privacy\" target=\"_blank\" rel=\"noreferrer noopener\">Pol\u00edtica de Privacidade do Telegram<\/a>.<\/p>\n\n\n\n<p>A participa\u00e7\u00e3o nos servidores do Discord tamb\u00e9m consente que o utilizador est\u00e1 a aceitar os <a href=\"https:\/\/discord.com\/terms\" target=\"_blank\" rel=\"noreferrer noopener\">Termos e Condi\u00e7\u00f5es do Discord<\/a> e a respetiva <a data-type=\"URL\" data-id=\"https:\/\/discord.com\/privacy\" href=\"https:\/\/discord.com\/privacy\" target=\"_blank\" rel=\"noreferrer noopener\">Pol\u00edtica de Privacidade do Discord<\/a>.<\/p>\n\n\n\n<p>Em adi\u00e7\u00e3o \u00e0s Regras do Grupo, <strong>deve sempre<\/strong> <strong>prevalecer o Bom Senso entre todos os elementos do Grupo, inclu\u00edndo<\/strong>: Membros, Moderadores, Staff e Donos efetivos. O n\u00e3o cumprimento desta regra de ouro poder\u00e1 levar a medidas de modera\u00e7\u00e3o a uma pessoa ou a um grupo, e poder\u00e1 tamb\u00e9m ter consequ\u00eancias por parte da Equipa de Modera\u00e7\u00e3o do Telegram, \u00e0 qual tais consequ\u00eancias s\u00e3o fora do espectro de modera\u00e7\u00e3o de toda a Staff.<\/p>\n\n\n\n<p><\/p>\n\n\n\n<p>As Regras para participares no grupo s\u00e3o as seguintes:<\/p>\n\n\n\n<p>Regras do Grupo :<\/p>\n\n\n\n<p>1- Somos um grupo apenas SFW, n\u00e3o \u00e9 permitido qualquer conte\u00fado NSFW aqui (inclu\u00edndo fetiches).<\/p>\n\n\n\n<p>2- <strong>Apenas membros maiores do que 16 anos podem participar.<\/strong><\/p>\n\n\n\n<p>3- Roleplay \u00e9 permitido, desde que seja mantido em SFW e controlado (spam de RP n\u00e3o \u00e9 permitido).<\/p>\n\n\n\n<p>4- Respeite sempre todos os membros, mesmo que n\u00e3o concorde com eles.<\/p>\n\n\n\n<p>5 &#8211; N\u00e3o \u00e9 permitido spam de mensagens.<\/p>\n\n\n\n<p>6 &#8211; N\u00e3o traga os seus problemas pessoais para a conversa no grupo. Tudo deve ser resolvido nas mensagens privadas.<\/p>\n\n\n\n<p>7 &#8211; N\u00e3o \u00e9 permitido falar de Pol\u00edtica, Rivalidade desportiva (em termos violentos), Religi\u00e3o e Temas sens\u00edveis na Sociedade. A discuss\u00e3o saud\u00e1vel sobre a Rivalidade desportiva \u00e9 aceite, desde que se mantenha dentro dos limites comuns do aceit\u00e1vel.<\/p>\n\n\n\n<p>8 &#8211; N\u00e3o use fotografias de perfil destacadas com conte\u00fado NSFW.<\/p>\n\n\n\n<p>9 &#8211; N\u00e3o envie conte\u00fado que viole a lei de DMCA (Digital Millennium Copyright Act, ou Ata de Direitos de Autor e Direitos Conexos). Prefira enviar o conte\u00fado que quer partilhar pelas plataformas digitais oficiais. Se partilhar algum conte\u00fado pertencente a algum outro membro presente no grupo, pedimos que o identifique.<\/p>\n\n\n\n<p><\/p>\n\n\n\n<p><\/p>\n\n\n\n<p>A aplica\u00e7\u00e3o de banimentos acontecer\u00e1 ap\u00f3s a infra\u00e7\u00e3o de 3 regras menos graves, uma regra grave ou um acontecimento expl\u00edcito de conflito ou viol\u00eancia.<\/p>\n\n\n\n<p>Em casos que o banimento seja aplicado, existe a possibilidade de revis\u00e3o da san\u00e7\u00e3o, que pode ser apresentada at\u00e9 uma semana ap\u00f3s o banimento. Para apresentar tal revis\u00e3o, apenas precisa falar com algum membro presente da Staff.<\/p>\n\n\n\n<p><strong>Em casos onde se justifique, qualquer membro pode ser denunciado por parte da Staff \u00e0s Autoridades Portuguesas.<\/strong><\/p>\n","protected":false},"excerpt":{"rendered":"<p>Ao participares na nossa comunidade, est\u00e1s automaticamente a aceitar os Nossos Termos e Condi\u00e7\u00f5es, assim como a nossa Pol\u00edtica de Privacidade. A participa\u00e7\u00e3o nos grupos do Telegram tamb\u00e9m consente que o utilizador est\u00e1 a aceitar os Termos e Condi\u00e7\u00f5es do Telegram e a respetiva Pol\u00edtica de Privacidade do Telegram. A participa\u00e7\u00e3o nos servidores do Discord [&hellip;]<\/p>\n","protected":false},"author":1,"featured_media":0,"parent":0,"menu_order":0,"comment_status":"closed","ping_status":"closed","template":"","meta":{"footnotes":""},"class_list":["post-114","page","type-page","status-publish","hentry"],"yoast_head":"<!-- This site is optimized with the Yoast SEO plugin v25.8 - https:\/\/yoast.com\/wordpress\/plugins\/seo\/ -->\n<title>Regras do Grupo - Furritos Portugal<\/title>\n<meta name=\"robots\" content=\"index, follow, max-snippet:-1, max-image-preview:large, max-video-preview:-1\" \/>\n<link rel=\"canonical\" href=\"https:\/\/meowportugal.pt\/index.php\/regras-do-grupo\/\" \/>\n<meta property=\"og:locale\" content=\"pt_PT\" \/>\n<meta property=\"og:type\" content=\"article\" \/>\n<meta property=\"og:title\" content=\"Regras do Grupo - Furritos Portugal\" \/>\n<meta property=\"og:description\" content=\"Ao participares na nossa comunidade, est\u00e1s automaticamente a aceitar os Nossos Termos e Condi\u00e7\u00f5es, assim como a nossa Pol\u00edtica de Privacidade. A participa\u00e7\u00e3o nos grupos do Telegram tamb\u00e9m consente que o utilizador est\u00e1 a aceitar os Termos e Condi\u00e7\u00f5es do Telegram e a respetiva Pol\u00edtica de Privacidade do Telegram. A participa\u00e7\u00e3o nos servidores do Discord [&hellip;]\" \/>\n<meta property=\"og:url\" content=\"https:\/\/meowportugal.pt\/index.php\/regras-do-grupo\/\" \/>\n<meta property=\"og:site_name\" content=\"Furritos Portugal\" \/>\n<meta property=\"article:modified_time\" content=\"2023-09-07T19:38:27+00:00\" \/>\n<meta name=\"twitter:card\" content=\"summary_large_image\" \/>\n<meta name=\"twitter:label1\" content=\"Tempo estimado de leitura\" \/>\n\t<meta name=\"twitter:data1\" content=\"3 minutos\" \/>\n<script type=\"application\/ld+json\" class=\"yoast-schema-graph\">{\"@context\":\"https:\/\/schema.org\",\"@graph\":[{\"@type\":\"WebPage\",\"@id\":\"https:\/\/meowportugal.pt\/index.php\/regras-do-grupo\/\",\"url\":\"https:\/\/meowportugal.pt\/index.php\/regras-do-grupo\/\",\"name\":\"Regras do Grupo - Furritos Portugal\",\"isPartOf\":{\"@id\":\"https:\/\/meowportugal.pt\/#website\"},\"datePublished\":\"2022-12-26T15:31:35+00:00\",\"dateModified\":\"2023-09-07T19:38:27+00:00\",\"breadcrumb\":{\"@id\":\"https:\/\/meowportugal.pt\/index.php\/regras-do-grupo\/#breadcrumb\"},\"inLanguage\":\"pt-PT\",\"potentialAction\":[{\"@type\":\"ReadAction\",\"target\":[\"https:\/\/meowportugal.pt\/index.php\/regras-do-grupo\/\"]}]},{\"@type\":\"BreadcrumbList\",\"@id\":\"https:\/\/meowportugal.pt\/index.php\/regras-do-grupo\/#breadcrumb\",\"itemListElement\":[{\"@type\":\"ListItem\",\"position\":1,\"name\":\"In\u00edcio\",\"item\":\"https:\/\/meowportugal.pt\/\"},{\"@type\":\"ListItem\",\"position\":2,\"name\":\"Regras do Grupo\"}]},{\"@type\":\"WebSite\",\"@id\":\"https:\/\/meowportugal.pt\/#website\",\"url\":\"https:\/\/meowportugal.pt\/\",\"name\":\"Furritos Portugal\",\"description\":\"\",\"publisher\":{\"@id\":\"https:\/\/meowportugal.pt\/#organization\"},\"potentialAction\":[{\"@type\":\"SearchAction\",\"target\":{\"@type\":\"EntryPoint\",\"urlTemplate\":\"https:\/\/meowportugal.pt\/?s={search_term_string}\"},\"query-input\":{\"@type\":\"PropertyValueSpecification\",\"valueRequired\":true,\"valueName\":\"search_term_string\"}}],\"inLanguage\":\"pt-PT\"},{\"@type\":\"Organization\",\"@id\":\"https:\/\/meowportugal.pt\/#organization\",\"name\":\"Furritos Portugal\",\"url\":\"https:\/\/meowportugal.pt\/\",\"logo\":{\"@type\":\"ImageObject\",\"inLanguage\":\"pt-PT\",\"@id\":\"https:\/\/meowportugal.pt\/#\/schema\/logo\/image\/\",\"url\":\"https:\/\/i0.wp.com\/cdn-site.meowportugal.pt\/2023\/02\/photo_2023-02-07_09-15-54.jpg?fit=640%2C640&ssl=1\",\"contentUrl\":\"https:\/\/i0.wp.com\/cdn-site.meowportugal.pt\/2023\/02\/photo_2023-02-07_09-15-54.jpg?fit=640%2C640&ssl=1\",\"width\":640,\"height\":640,\"caption\":\"Furritos Portugal\"},\"image\":{\"@id\":\"https:\/\/meowportugal.pt\/#\/schema\/logo\/image\/\"}}]}<\/script>\n<!-- \/ Yoast SEO plugin. -->","yoast_head_json":{"title":"Regras do Grupo - Furritos Portugal","robots":{"index":"index","follow":"follow","max-snippet":"max-snippet:-1","max-image-preview":"max-image-preview:large","max-video-preview":"max-video-preview:-1"},"canonical":"https:\/\/meowportugal.pt\/index.php\/regras-do-grupo\/","og_locale":"pt_PT","og_type":"article","og_title":"Regras do Grupo - Furritos Portugal","og_description":"Ao participares na nossa comunidade, est\u00e1s automaticamente a aceitar os Nossos Termos e Condi\u00e7\u00f5es, assim como a nossa Pol\u00edtica de Privacidade. A participa\u00e7\u00e3o nos grupos do Telegram tamb\u00e9m consente que o utilizador est\u00e1 a aceitar os Termos e Condi\u00e7\u00f5es do Telegram e a respetiva Pol\u00edtica de Privacidade do Telegram. A participa\u00e7\u00e3o nos servidores do Discord [&hellip;]","og_url":"https:\/\/meowportugal.pt\/index.php\/regras-do-grupo\/","og_site_name":"Furritos Portugal","article_modified_time":"2023-09-07T19:38:27+00:00","twitter_card":"summary_large_image","twitter_misc":{"Tempo estimado de leitura":"3 minutos"},"schema":{"@context":"https:\/\/schema.org","@graph":[{"@type":"WebPage","@id":"https:\/\/meowportugal.pt\/index.php\/regras-do-grupo\/","url":"https:\/\/meowportugal.pt\/index.php\/regras-do-grupo\/","name":"Regras do Grupo - Furritos Portugal","isPartOf":{"@id":"https:\/\/meowportugal.pt\/#website"},"datePublished":"2022-12-26T15:31:35+00:00","dateModified":"2023-09-07T19:38:27+00:00","breadcrumb":{"@id":"https:\/\/meowportugal.pt\/index.php\/regras-do-grupo\/#breadcrumb"},"inLanguage":"pt-PT","potentialAction":[{"@type":"ReadAction","target":["https:\/\/meowportugal.pt\/index.php\/regras-do-grupo\/"]}]},{"@type":"BreadcrumbList","@id":"https:\/\/meowportugal.pt\/index.php\/regras-do-grupo\/#breadcrumb","itemListElement":[{"@type":"ListItem","position":1,"name":"In\u00edcio","item":"https:\/\/meowportugal.pt\/"},{"@type":"ListItem","position":2,"name":"Regras do Grupo"}]},{"@type":"WebSite","@id":"https:\/\/meowportugal.pt\/#website","url":"https:\/\/meowportugal.pt\/","name":"Furritos Portugal","description":"","publisher":{"@id":"https:\/\/meowportugal.pt\/#organization"},"potentialAction":[{"@type":"SearchAction","target":{"@type":"EntryPoint","urlTemplate":"https:\/\/meowportugal.pt\/?s={search_term_string}"},"query-input":{"@type":"PropertyValueSpecification","valueRequired":true,"valueName":"search_term_string"}}],"inLanguage":"pt-PT"},{"@type":"Organization","@id":"https:\/\/meowportugal.pt\/#organization","name":"Furritos Portugal","url":"https:\/\/meowportugal.pt\/","logo":{"@type":"ImageObject","inLanguage":"pt-PT","@id":"https:\/\/meowportugal.pt\/#\/schema\/logo\/image\/","url":"https:\/\/i0.wp.com\/cdn-site.meowportugal.pt\/2023\/02\/photo_2023-02-07_09-15-54.jpg?fit=640%2C640&ssl=1","contentUrl":"https:\/\/i0.wp.com\/cdn-site.meowportugal.pt\/2023\/02\/photo_2023-02-07_09-15-54.jpg?fit=640%2C640&ssl=1","width":640,"height":640,"caption":"Furritos Portugal"},"image":{"@id":"https:\/\/meowportugal.pt\/#\/schema\/logo\/image\/"}}]}},"jetpack_sharing_enabled":true,"_links":{"self":[{"href":"https:\/\/meowportugal.pt\/index.php\/wp-json\/wp\/v2\/pages\/114","targetHints":{"allow":["GET"]}}],"collection":[{"href":"https:\/\/meowportugal.pt\/index.php\/wp-json\/wp\/v2\/pages"}],"about":[{"href":"https:\/\/meowportugal.pt\/index.php\/wp-json\/wp\/v2\/types\/page"}],"author":[{"embeddable":true,"href":"https:\/\/meowportugal.pt\/index.php\/wp-json\/wp\/v2\/users\/1"}],"replies":[{"embeddable":true,"href":"https:\/\/meowportugal.pt\/index.php\/wp-json\/wp\/v2\/comments?post=114"}],"version-history":[{"count":22,"href":"https:\/\/meowportugal.pt\/index.php\/wp-json\/wp\/v2\/pages\/114\/revisions"}],"predecessor-version":[{"id":250,"href":"https:\/\/meowportugal.pt\/index.php\/wp-json\/wp\/v2\/pages\/114\/revisions\/250"}],"wp:attachment":[{"href":"https:\/\/meowportugal.pt\/index.php\/wp-json\/wp\/v2\/media?parent=114"}],"curies":[{"name":"wp","href":"https:\/\/api.w.org\/{rel}","templated":true}]}}